{"id":948,"date":"2018-09-11T12:35:19","date_gmt":"2018-09-11T09:35:19","guid":{"rendered":"http:\/\/www.pieksamaensalibandy.com\/?page_id=948"},"modified":"2024-08-29T08:36:20","modified_gmt":"2024-08-29T05:36:20","slug":"hinnasto","status":"publish","type":"page","link":"https:\/\/www.pieksamaensalibandy.com\/?page_id=948","title":{"rendered":"Hinnasto ja tuotteet"},"content":{"rendered":"<p><span style=\"color: #000000;\">J\u00e4senmaksu 50\u20ac. J\u00e4senet saavat alennusta ja j\u00e4senetuja yhteisty\u00f6liikkeist\u00e4, kuten Team Sportiasta -20% urheilutuotteista\u00a0 Linkki j\u00e4senmaksuun: <a href=\"https:\/\/seurat.suomisport.fi\/invite\/c9fd0c8b-a64d-43ef-9fc2-d7ef1bd08d65\">j\u00e4senmaksu<\/a><\/span><\/p>\n<p><span style=\"color: #000000;\">Kausimaksulinkit tulevat joukkueenjohtajilta<\/span><\/p>\n<p>P12 225\u20ac<\/p>\n<p>Aikusten joukkueet tiedotetaan my\u00f6hemmin<\/p>\n<p><span style=\"color: #000000;\">Maksut tapahtuvat<\/span> annettujen linkkien kautta<span style=\"color: #000000;\">. Joukkueen vastuuhenkil\u00f6t laittavat linkin ja ohjeistuksen.<\/span><\/p>\n<p><span style=\"color: #000000;\">Liput miesten edustusjoukkueen peliin 5\u20ac<\/span><\/p>\n<p><span style=\"color: #000000;\">Kausikortti 30\u20ac\u00a0 (myyd\u00e4\u00e4n pisaba,eventiolive.fi, Bola liikuntakeskus ja lipunmyynti pelien aikana)<\/span><\/p>\n<p><span style=\"color: #000000;\">Lippuja voi ostaa ennakkoon<\/span> <a href=\"http:\/\/pisaba.eventiolive.fi\">pisaba.eventiolive.fi<\/a><\/p>\n<p>Voit my\u00f6s tukea Pisabaa kannatusj\u00e4senyyden avulla. Saat j\u00e4senmaksua 50\u20ac vastaan kausikortin, jolla p\u00e4\u00e4see edustusjoukkueen kotiotteluihin ja saa alennuksia yll\u00e4olevilta yhteisty\u00f6kumppaneilta. Saat j\u00e4senkortin k\u00e4nnykk\u00e4\u00e4si. <a href=\"https:\/\/seurat.suomisport.fi\/invite\/1e2ff3ab-b12b-45c8-b2e5-0bbebaa21713\">Kannatusj\u00e4senyys<\/a><\/p>\n<p>Olemme perustaneet my\u00f6s vanhoille pisabalaisille Pisaba95-klubin. Voit liitty\u00e4 klubiin maksamalla 59\u20ac j\u00e4senmaksun\/kausi Pisaban tilille tai <a href=\"http:\/\/pisaba.eventiolive.fi\">pisaba.eventiolive.fi<\/a> kautta. Viitteeksi Pisaba95. Klubi tiedottaa toiminnastaan facebook-ryhm\u00e4n kautta: <a href=\"https:\/\/m.facebook.com\/groups\/561017478278576\/\">https:\/\/m.facebook.com\/groups\/561017478278576\/<\/a><\/p>\n<p>Liity mukaan!<\/p>\n<p><strong><span style=\"color: #000000;\">Tuotteet<\/span><\/strong><\/p>\n<p><span style=\"color: #000000;\">Huppari Lis\u00e4tiedot, koetukset ja tilaukset Team Sportiasta.<br \/><\/span><\/p>\n<p>&nbsp;<\/p>\n\n\n<p><strong>Yhteisty\u00f6kumppaneille:<\/strong><\/p>\n\n\n\n<p class=\"has-black-color has-text-color\">Pyrimme tukijoidemme kanssa luomaan yhteisty\u00f6mallin, joka hy\u00f6dytt\u00e4\u00e4 yhteisty\u00f6kumppania ja seuraa.<\/p>\n\n\n\n<p class=\"has-black-color has-text-color\">Esimerkkej\u00e4:<\/p>\n\n\n\n<ul class=\"wp-block-list\">\n<li>Joukkueiden peli- ja seura-asut<\/li>\n\n\n\n<li>Otteluis\u00e4nnyydet <\/li>\n\n\n\n<li>Vip-tila<\/li>\n\n\n\n<li>Internet-sivut ja sosiaalinen media; Facebook, Twitter, Instagram,<\/li>\n\n\n\n<li>Printtijulkaisut<\/li>\n\n\n\n<li>Bolan laitamainokset<\/li>\n\n\n\n<li>Edustusjoukkueen kummiyrityksen\u00e4 toimiminen<\/li>\n<\/ul>\n\n\n\n<p class=\"has-black-color has-text-color\">Pisaba tavoittaa otteluissa 200 katsojam\u00e4\u00e4r\u00e4n, facebookissa yli 1300 seuraajaa.<\/p>\n\n\n\n<p>Sponsoriasioissa ota yhteytt\u00e4 puheenjohtaja Auri Salorantaan p. 0445031935<\/p>\n","protected":false},"excerpt":{"rendered":"<p>J\u00e4senmaksu 50\u20ac. J\u00e4senet saavat alennusta ja j\u00e4senetuja yhteisty\u00f6liikkeist\u00e4, kuten Team Sportiasta -20% urheilutuotteista\u00a0 Linkki j\u00e4senmaksuun: j\u00e4senmaksu Kausimaksulinkit tulevat joukkueenjohtajilta P12 225\u20ac Aikusten joukkueet tiedotetaan my\u00f6hemmin Maksut tapahtuvat annettujen linkkien kautta. Joukkueen vastuuhenkil\u00f6t laittavat linkin ja ohjeistuksen. Liput miesten edustusjoukkueen peliin 5\u20ac Kausikortti 30\u20ac\u00a0 (myyd\u00e4\u00e4n pisaba,eventiolive.fi, Bola liikuntakeskus ja lipunmyynti pelien aikana) Lippuja voi ostaa ennakkoon [&hellip;]<\/p>\n","protected":false},"author":1,"featured_media":0,"parent":0,"menu_order":0,"comment_status":"closed","ping_status":"closed","template":"","meta":{"footnotes":""},"class_list":["post-948","page","type-page","status-publish","hentry"],"_links":{"self":[{"href":"https:\/\/www.pieksamaensalibandy.com\/index.php?rest_route=\/wp\/v2\/pages\/948"}],"collection":[{"href":"https:\/\/www.pieksamaensalibandy.com\/index.php?rest_route=\/wp\/v2\/pages"}],"about":[{"href":"https:\/\/www.pieksamaensalibandy.com\/index.php?rest_route=\/wp\/v2\/types\/page"}],"author":[{"embeddable":true,"href":"https:\/\/www.pieksamaensalibandy.com\/index.php?rest_route=\/wp\/v2\/users\/1"}],"replies":[{"embeddable":true,"href":"https:\/\/www.pieksamaensalibandy.com\/index.php?rest_route=%2Fwp%2Fv2%2Fcomments&post=948"}],"version-history":[{"count":36,"href":"https:\/\/www.pieksamaensalibandy.com\/index.php?rest_route=\/wp\/v2\/pages\/948\/revisions"}],"predecessor-version":[{"id":2651,"href":"https:\/\/www.pieksamaensalibandy.com\/index.php?rest_route=\/wp\/v2\/pages\/948\/revisions\/2651"}],"wp:attachment":[{"href":"https:\/\/www.pieksamaensalibandy.com\/index.php?rest_route=%2Fwp%2Fv2%2Fmedia&parent=948"}],"curies":[{"name":"wp","href":"https:\/\/api.w.org\/{rel}","templated":true}]}}