{"id":897,"date":"2018-08-25T09:43:33","date_gmt":"2018-08-25T06:43:33","guid":{"rendered":"http:\/\/www.pieksamaensalibandy.com\/?page_id=897"},"modified":"2019-11-18T18:31:49","modified_gmt":"2019-11-18T16:31:49","slug":"tietosuoja-ja-suostumukset","status":"publish","type":"page","link":"https:\/\/www.pieksamaensalibandy.com\/?page_id=897","title":{"rendered":"Tietosuoja ja suostumukset"},"content":{"rendered":"<p><strong><span style=\"color: #000000;\">Tietosuoja GDPR<\/span><\/strong><\/p>\n<p><span class=\"viesti_perus\" style=\"color: #000000;\"><strong>Salibandyliitto suosittelee j\u00e4senseuroilleen s\u00e4hk\u00f6isen j\u00e4senrekisterin k\u00e4ytt\u00e4mist\u00e4. Pisaballa on k\u00e4yt\u00f6ss\u00e4\u00e4n GDPR:n vaatimusten mukainen Suomisport, joka toimii my\u00f6s j\u00e4senrekisterin\u00e4.<\/strong><\/span><\/p>\n<p><a href=\"http:\/\/www.pieksamaensalibandy.com\/wp-content\/uploads\/2019\/11\/Seloste-k\u00e4sittelytoimista_Pisaba.docx\">Seloste tietojen k\u00e4sittelytoimista<\/a><\/p>\n<p><span class=\"viesti_perus\" style=\"color: #000000;\">Seuralla on vastuu huolehtia siit\u00e4, ett\u00e4 kaikilta ryhm\u00e4passiin liitett\u00e4vilt\u00e4 henkil\u00f6ilt\u00e4\/huoltajalta on pyydetty\u00a0suostumus siihen, ett\u00e4 seura luovuttaa tarvittavat henkil\u00f6tiedot Salibandyliiton ryhm\u00e4passirekisteriin Suomisportiin, sek\u00e4 tapaturman\/\u00e4killisen tapahtuman sattuessa my\u00f6s vakuutusyhti\u00f6lle.<\/span><\/p>\n<p><span style=\"color: #000080;\"><a href=\"http:\/\/www.pieksamaensalibandy.com\/wp-content\/uploads\/2018\/09\/suostumus.docx\"><span style=\"color: #000080;\">Suostumus<\/span><\/a><\/span><\/p>\n<p><span style=\"color: #000000;\">Pisaban joukkueenjohtajat pyyt\u00e4v\u00e4t kuvien julkaisuluvan alle 18-vuotiaiden pelaajien huoltajilta kausittain. Joukkueenjohtajat s\u00e4ilytt\u00e4v\u00e4t luvan ja h\u00e4vitt\u00e4v\u00e4t pelikauden p\u00e4\u00e4tteeksi.<br \/>\n<\/span><\/p>\n<p><a href=\"http:\/\/www.pieksamaensalibandy.com\/wp-content\/uploads\/2018\/08\/KUVAUSLUPA-JA-LUPA-KUVIEN-JULKAISEMISEEN.docx\"><span style=\"color: #000080;\">KUVAUSLUPA JA LUPA KUVIEN JULKAISEMISEEN<\/span><\/a><\/p>\n<p>Luvat voi peruuttaa ilmoittamalla sihteerille s\u00e4hk\u00f6postitse sujuvonen@gmail.com<\/p>\n","protected":false},"excerpt":{"rendered":"<p>Tietosuoja GDPR Salibandyliitto suosittelee j\u00e4senseuroilleen s\u00e4hk\u00f6isen j\u00e4senrekisterin k\u00e4ytt\u00e4mist\u00e4. Pisaballa on k\u00e4yt\u00f6ss\u00e4\u00e4n GDPR:n vaatimusten mukainen Suomisport, joka toimii my\u00f6s j\u00e4senrekisterin\u00e4. Seloste tietojen k\u00e4sittelytoimista Seuralla on vastuu huolehtia siit\u00e4, ett\u00e4 kaikilta ryhm\u00e4passiin liitett\u00e4vilt\u00e4 henkil\u00f6ilt\u00e4\/huoltajalta on pyydetty\u00a0suostumus siihen, ett\u00e4 seura luovuttaa tarvittavat henkil\u00f6tiedot Salibandyliiton ryhm\u00e4passirekisteriin Suomisportiin, sek\u00e4 tapaturman\/\u00e4killisen tapahtuman sattuessa my\u00f6s vakuutusyhti\u00f6lle. Suostumus Pisaban joukkueenjohtajat pyyt\u00e4v\u00e4t kuvien julkaisuluvan [&hellip;]<\/p>\n","protected":false},"author":1,"featured_media":0,"parent":0,"menu_order":0,"comment_status":"closed","ping_status":"closed","template":"","meta":{"footnotes":""},"class_list":["post-897","page","type-page","status-publish","hentry"],"_links":{"self":[{"href":"https:\/\/www.pieksamaensalibandy.com\/index.php?rest_route=\/wp\/v2\/pages\/897"}],"collection":[{"href":"https:\/\/www.pieksamaensalibandy.com\/index.php?rest_route=\/wp\/v2\/pages"}],"about":[{"href":"https:\/\/www.pieksamaensalibandy.com\/index.php?rest_route=\/wp\/v2\/types\/page"}],"author":[{"embeddable":true,"href":"https:\/\/www.pieksamaensalibandy.com\/index.php?rest_route=\/wp\/v2\/users\/1"}],"replies":[{"embeddable":true,"href":"https:\/\/www.pieksamaensalibandy.com\/index.php?rest_route=%2Fwp%2Fv2%2Fcomments&post=897"}],"version-history":[{"count":6,"href":"https:\/\/www.pieksamaensalibandy.com\/index.php?rest_route=\/wp\/v2\/pages\/897\/revisions"}],"predecessor-version":[{"id":1515,"href":"https:\/\/www.pieksamaensalibandy.com\/index.php?rest_route=\/wp\/v2\/pages\/897\/revisions\/1515"}],"wp:attachment":[{"href":"https:\/\/www.pieksamaensalibandy.com\/index.php?rest_route=%2Fwp%2Fv2%2Fmedia&parent=897"}],"curies":[{"name":"wp","href":"https:\/\/api.w.org\/{rel}","templated":true}]}}