{"id":79,"date":"2016-12-01T08:29:33","date_gmt":"2016-12-01T06:29:33","guid":{"rendered":"http:\/\/localhost\/wordpress\/?page_id=79"},"modified":"2019-06-18T13:40:20","modified_gmt":"2019-06-18T10:40:20","slug":"saannot","status":"publish","type":"page","link":"https:\/\/www.pieksamaensalibandy.com\/?page_id=79","title":{"rendered":"Pieks\u00e4m\u00e4en salibandy ry:n s\u00e4\u00e4nn\u00f6t"},"content":{"rendered":"<h2><span style=\"color: #000000;\">1 \u00a7 Nimi ja kotipaikka<\/span><\/h2>\n<p><span style=\"color: #000000;\">Yhdistyksen nimi on Pieks\u00e4m\u00e4en Salibandy ry ja kotipaikka on Pieks\u00e4m\u00e4ki. Yhdistyksen nimest\u00e4 voidaan k\u00e4ytt\u00e4\u00e4 my\u00f6s ep\u00e4virallista lyhennett\u00e4 Pisaba.<\/span><\/p>\n<h2><span style=\"color: #000000;\">2 \u00a7 Tarkoitus ja toiminta<\/span><\/h2>\n<p><span style=\"color: #000000;\">Yhdistyksen tarkoituksena on urheiluharrastuksen ja urheilukilpailutoiminnan yll\u00e4pit\u00e4minen ja kehitt\u00e4minen j\u00e4sentens\u00e4 keskuudessa.<\/span><\/p>\n<p><span style=\"color: #000000;\">Tarkoituksen toteuttamiseksi yhdistys harjoittaa valistus- ja kasvatusty\u00f6t\u00e4 levitt\u00e4m\u00e4ll\u00e4 urheiluaiheisia julkaisuja ja j\u00e4rjest\u00e4\u00e4 harjoituksia, kilpailuja, juhlia sek\u00e4 valistus- ja huvitilaisuuksia.<\/span><\/p>\n<p><span style=\"color: #000000;\">Toimintansa tukemiseksi yhdistys voi ottaa vastaan lahjoituksia ja testamentteja, omistaa toimintaansa varten tarpeellista kiinte\u00e4\u00e4 omaisuutta sek\u00e4 toimeenpanna asianomaisen luvan saatuaan arpajaisia ja rahan-ker\u00e4yst\u00e4.<\/span><\/p>\n<h2><span style=\"color: #000000;\">3 \u00a7 J\u00e4senet<\/span><\/h2>\n<p><span style=\"color: #000000;\">Yhdistyksen j\u00e4seneksi voi liitty\u00e4 kuka tahansa yksityinen henkil\u00f6.<\/span><\/p>\n<p><span style=\"color: #000000;\">Yhdistyksen j\u00e4senet hyv\u00e4ksyy hallitus.<\/span><\/p>\n<p><span style=\"color: #000000;\">Hallitus voi katsoa j\u00e4senen eronneeksi yhdistyksest\u00e4, jos h\u00e4n ei ole maksanut j\u00e4senmaksua sen kalenterivuoden kuluessa, jonka j\u00e4senmaksusta on kyse.<\/span><\/p>\n<p><span style=\"color: #000000;\">J\u00e4senilt\u00e4 peritt\u00e4v\u00e4n vuotuisen j\u00e4senmaksun suuruudesta p\u00e4\u00e4tt\u00e4\u00e4 vuosikokous.<\/span><\/p>\n<h2><span style=\"color: #000000;\">4 \u00a7 Hallitus<\/span><\/h2>\n<p><span style=\"color: #000000;\">Yhdistyksen asioita hoitaa hallitus, johon kuuluvat vuosikokouksessa valitut puheenjohtaja ja viisi muuta varsinaista j\u00e4sent\u00e4 sek\u00e4 kaksi varaj\u00e4sent\u00e4.<\/span><\/p>\n<p><span style=\"color: #000000;\">Hallituksen j\u00e4senten ja tilintarkastajan toimikausi on vuosikokousten v\u00e4linen aika.<\/span><\/p>\n<p><span style=\"color: #000000;\">Hallitus valitsee keskuudestaan varapuheenjohtajan sek\u00e4 ottaa sihteerin, rahastonhoitajan ja muut tarvittavat toimihenkil\u00f6t.<\/span><\/p>\n<p><span style=\"color: #000000;\">Hallitus kokoontuu puheenjohtajan tai h\u00e4nen estyneen\u00e4 ollessaan varapuheenjohtajan kutsusta, kun he katsovat siihen olevan aihetta tai kun v\u00e4hint\u00e4\u00e4n kaksi hallituksen j\u00e4sent\u00e4 sit\u00e4 vaatii.<\/span><\/p>\n<p><span style=\"color: #000000;\">Hallitus on p\u00e4\u00e4t\u00f6svaltainen, kun v\u00e4hint\u00e4\u00e4n puolet sen j\u00e4senist\u00e4, puheenjohtaja tai varapuheenjohtaja mukaan luettuna on l\u00e4sn\u00e4. Asiat ratkaistaan yksinkertaisella \u00e4\u00e4ntenenemmist\u00f6ll\u00e4. \u00c4\u00e4nten menness\u00e4 tasan ratkaisee puheenjohtajan mielipide, vaaleissa kuitenkin arpa.<\/span><\/p>\n<h2><span style=\"color: #000000;\">5 \u00a7 Yhdistyksen nimen kirjoittaminen<\/span><\/h2>\n<p><span style=\"color: #000000;\">Yhdistyksen nimen kirjoittavat puheenjohtaja ja sihteeri, kumpikin yksin.<\/span><\/p>\n<h2><span style=\"color: #000000;\">6 \u00a7 Tilit<\/span><\/h2>\n<p><span style=\"color: #000000;\">Yhdistyksen tilikausi on vuosi. Tilikausi alkaa 1.6. ja p\u00e4\u00e4ttyy 31.5.<\/span><\/p>\n<p><span style=\"color: #000000;\">Tilinp\u00e4\u00e4t\u00f6s tarvittavine asiakirjoineen ja hallituksen vuosikertomus on annettava tilintarkastajalle viimeist\u00e4\u00e4n kolme (3) viikkoa ennen vuosi-kokousta. Tilintarkastajan tulee antaa kirjallinen lausuntonsa hallitukselle viimeist\u00e4\u00e4n kaksi viikkoa ennen vuosikokousta.<\/span><\/p>\n<h2><span style=\"color: #000000;\">7 \u00a7 Yhdistyksen kokousten koolle kutsuminen<\/span><\/h2>\n<p><span style=\"color: #000000;\">Yhdistyksen kokoukset kutsuu koolle hallitus. Kokouskutsu on toimitettava viimeist\u00e4\u00e4n seitsem\u00e4n (7) p\u00e4iv\u00e4\u00e4 ennen kokousta joko l\u00e4hett\u00e4m\u00e4ll\u00e4 kutsu kirjallisena kullekin j\u00e4senelle tai julkaisemalla kutsu yhdistyksen kotipaikkakunnalla ilmestyv\u00e4ss\u00e4 lehdess\u00e4.<\/span><\/p>\n<h2><span style=\"color: #000000;\">8 \u00a7 Yhdistyksen kokoukset<\/span><\/h2>\n<p><span style=\"color: #000000;\">Yhdistyksen vuosikokous pidet\u00e4\u00e4n vuosittain hallituksen m\u00e4\u00e4r\u00e4\u00e4m\u00e4n\u00e4 p\u00e4iv\u00e4n\u00e4 kuuden kuukauden kuluessa tilikauden p\u00e4\u00e4ttymisest\u00e4. Ylim\u00e4\u00e4-r\u00e4inen kokous pidet\u00e4\u00e4n, kun yhdistyksen kokous niin p\u00e4\u00e4tt\u00e4\u00e4 tai kun hallitus katsoo siihen olevan aihetta tai kun v\u00e4hint\u00e4\u00e4n yksi kymmenesosa (1\/10) yhdistyksen \u00e4\u00e4nioikeutetuista j\u00e4senist\u00e4 sit\u00e4 hallitukselle erityisesti ilmoitettua asiaa varten kirjallisesti vaatii.<\/span><\/p>\n<p><span style=\"color: #000000;\">Yhdistyksen kokouksessa on jokaisella j\u00e4senell\u00e4 \u00e4\u00e4nioikeus ja jokaisella \u00e4\u00e4nioikeutetulla yksi (1) \u00e4\u00e4ni.<\/span><\/p>\n<p><span style=\"color: #000000;\">Yhdistyksen p\u00e4\u00e4t\u00f6kseksi tulee, ellei s\u00e4\u00e4nn\u00f6iss\u00e4 ole toisin m\u00e4\u00e4r\u00e4tty se mielipide, jota on kannattanut yli puolet annetuista \u00e4\u00e4nist\u00e4. \u00c4\u00e4nten menness\u00e4 tasan ratkaistaan vaalit arvalla. Muutoin p\u00e4\u00e4t\u00f6kseksi tulee kokouksen puheenjohtajan kannattama mielipide.<\/span><\/p>\n<h2><span style=\"color: #000000;\">9 \u00a7 Vuosikokous<\/span><\/h2>\n<p><span style=\"color: #000000;\">Yhdistyksen vuosikokouksessa k\u00e4sitell\u00e4\u00e4n seuraavat asiat:<\/span><\/p>\n<p><span style=\"color: #000000;\">1.\u00a0Kokouksen avaus<\/span><\/p>\n<p><span style=\"color: #000000;\">2.\u00a0Valitaan kokouksen puheenjohtaja, sihteeri, kaksi p\u00f6yt\u00e4kirjan tarkas-tajaa ja tarvittaessa kaksi \u00e4\u00e4ntenlaskijaa<\/span><\/p>\n<p><span style=\"color: #000000;\">3.\u00a0Todetaan kokouksen laillisuus ja p\u00e4\u00e4t\u00f6svaltaisuus<\/span><\/p>\n<p><span style=\"color: #000000;\">4.\u00a0Hyv\u00e4ksyt\u00e4\u00e4n kokouksen ty\u00f6j\u00e4rjestys<\/span><\/p>\n<p><span style=\"color: #000000;\">5.\u00a0Esitet\u00e4\u00e4n tilinp\u00e4\u00e4t\u00f6s, vuosikertomus ja tilintarkastajan lausunto<\/span><\/p>\n<p><span style=\"color: #000000;\">6.\u00a0P\u00e4\u00e4tet\u00e4\u00e4n tilinp\u00e4\u00e4t\u00f6ksen vahvistamisesta ja vastuuvapauden my\u00f6nt\u00e4-misest\u00e4<\/span><\/p>\n<p><span style=\"color: #000000;\">7.\u00a0Vahvistetaan toimintasuunnitelma, tulo- ja menoarvio sek\u00e4 j\u00e4senmaksun suuruus<\/span><\/p>\n<p><span style=\"color: #000000;\">8.\u00a0Valitaan hallituksen puheenjohtaja ja muut j\u00e4senet<\/span><\/p>\n<p><span style=\"color: #000000;\">9.\u00a0Valitaan yksi tilintarkastaja ja h\u00e4nelle varahenkil\u00f6.<\/span><\/p>\n<p><span style=\"color: #000000;\">10.\u00a0K\u00e4sitell\u00e4\u00e4n muut kokouskutsussa mainitut asiat<\/span><\/p>\n<p><span style=\"color: #000000;\">Mik\u00e4li yhdistyksen j\u00e4sen haluaa saada asian yhdistyksen vuosikokouksen k\u00e4sitelt\u00e4v\u00e4ksi, on h\u00e4nen siit\u00e4 kirjallisesti ilmoitettava hallitukselle niin hyviss\u00e4 ajoin, ett\u00e4 asia voidaan sis\u00e4llytt\u00e4\u00e4 kokouskutsuun.<\/span><\/p>\n<h2><span style=\"color: #000000;\">10 \u00a7 S\u00e4\u00e4nt\u00f6jen muuttaminen ja yhdistyksen purkaminen<\/span><\/h2>\n<p><span style=\"color: #000000;\">P\u00e4\u00e4t\u00f6s s\u00e4\u00e4nt\u00f6jen muuttamisesta ja yhdistyksen purkamisesta on teht\u00e4v\u00e4 yhdistyksen kokouksessa v\u00e4hint\u00e4\u00e4n kolmen nelj\u00e4sosan (3\/4) enemmist\u00f6ll\u00e4 \u00e4\u00e4nestyksess\u00e4 annetuista \u00e4\u00e4nist\u00e4. Kokouskutsussa on mainittava s\u00e4\u00e4nt\u00f6jen muuttamisesta tai yhdistyksen purkamisesta.<\/span><\/p>\n<p><span style=\"color: #000000;\">Yhdistyksen purkautuessa k\u00e4ytet\u00e4\u00e4n yhdistyksen varat yhdistyksen tarkoituksen edist\u00e4miseen purkamisesta p\u00e4\u00e4tt\u00e4v\u00e4n kokouksen m\u00e4\u00e4r\u00e4\u00e4m\u00e4ll\u00e4 tavalla. Yhdistyksen tullessa lakkautetuksi k\u00e4ytet\u00e4\u00e4n varat samaan tarkoitukseen.<\/span><\/p>\n","protected":false},"excerpt":{"rendered":"<p>1 \u00a7 Nimi ja kotipaikka Yhdistyksen nimi on Pieks\u00e4m\u00e4en Salibandy ry ja kotipaikka on Pieks\u00e4m\u00e4ki. Yhdistyksen nimest\u00e4 voidaan k\u00e4ytt\u00e4\u00e4 my\u00f6s ep\u00e4virallista lyhennett\u00e4 Pisaba. 2 \u00a7 Tarkoitus ja toiminta Yhdistyksen tarkoituksena on urheiluharrastuksen ja urheilukilpailutoiminnan yll\u00e4pit\u00e4minen ja kehitt\u00e4minen j\u00e4sentens\u00e4 keskuudessa. Tarkoituksen toteuttamiseksi yhdistys harjoittaa valistus- ja kasvatusty\u00f6t\u00e4 levitt\u00e4m\u00e4ll\u00e4 urheiluaiheisia julkaisuja ja j\u00e4rjest\u00e4\u00e4 harjoituksia, kilpailuja, juhlia sek\u00e4 [&hellip;]<\/p>\n","protected":false},"author":1,"featured_media":0,"parent":0,"menu_order":0,"comment_status":"closed","ping_status":"closed","template":"","meta":{"footnotes":""},"class_list":["post-79","page","type-page","status-publish","hentry"],"_links":{"self":[{"href":"https:\/\/www.pieksamaensalibandy.com\/index.php?rest_route=\/wp\/v2\/pages\/79"}],"collection":[{"href":"https:\/\/www.pieksamaensalibandy.com\/index.php?rest_route=\/wp\/v2\/pages"}],"about":[{"href":"https:\/\/www.pieksamaensalibandy.com\/index.php?rest_route=\/wp\/v2\/types\/page"}],"author":[{"embeddable":true,"href":"https:\/\/www.pieksamaensalibandy.com\/index.php?rest_route=\/wp\/v2\/users\/1"}],"replies":[{"embeddable":true,"href":"https:\/\/www.pieksamaensalibandy.com\/index.php?rest_route=%2Fwp%2Fv2%2Fcomments&post=79"}],"version-history":[{"count":3,"href":"https:\/\/www.pieksamaensalibandy.com\/index.php?rest_route=\/wp\/v2\/pages\/79\/revisions"}],"predecessor-version":[{"id":1335,"href":"https:\/\/www.pieksamaensalibandy.com\/index.php?rest_route=\/wp\/v2\/pages\/79\/revisions\/1335"}],"wp:attachment":[{"href":"https:\/\/www.pieksamaensalibandy.com\/index.php?rest_route=%2Fwp%2Fv2%2Fmedia&parent=79"}],"curies":[{"name":"wp","href":"https:\/\/api.w.org\/{rel}","templated":true}]}}