{"id":68,"date":"2016-11-30T12:42:41","date_gmt":"2016-11-30T10:42:41","guid":{"rendered":"http:\/\/localhost\/wordpress\/?page_id=68"},"modified":"2024-08-07T12:00:56","modified_gmt":"2024-08-07T09:00:56","slug":"yhteystiedot","status":"publish","type":"page","link":"https:\/\/www.pieksamaensalibandy.com\/?page_id=68","title":{"rendered":"Yhteystiedot"},"content":{"rendered":"\n<p class=\"has-black-color has-text-color\">Seuran Y-tunnus: 1038044-9<\/p>\n\n\n\n<p><strong>Hallitus:<\/strong><\/p>\n\n\n\n<p>Puheenjohtaja Auri Saloranta p. 0445031935<\/p>\n\n\n\n<p>Varapuheenjohtaja Mikko Salmi p. 0407197747<\/p>\n\n\n\n<p>Sihteeri Tiia-Maria Ikonen p. 0409658776<\/p>\n\n\n\n<p>Rahastonhoitaja Minna Suvinen<\/p>\n\n\n\n<p>J\u00e4senet: Jelena Murdasova ja Jaana M\u00e4nnikk\u00f6<\/p>\n\n\n\n<p>Varaj\u00e4senet Eetu J\u00e4ms\u00e4 ja Pasi Sk\u00f6n<\/p>\n\n\n\n<p><span style=\"color: #000000;\">Posti<\/span>&#8211; ja laskutusosoite<\/p>\n\n\n\n<p class=\"has-black-color has-text-color\"><span style=\"color: #000000;\">Kaunokkikuja 1 b 10<\/span><\/p>\n\n\n\n<p class=\"has-black-color has-text-color\"><span style=\"color: #000000;\">76150 Pieks\u00e4m\u00e4ki<\/span><\/p>\n\n\n\n<p>tai auri.saloranta@gmail.com<\/p>\n\n\n\n<p class=\"has-black-color has-text-color\"><span style=\"color: #000000;\">Ottelut ja turnaukset pelataan Bola liikuntahallilla<\/span><\/p>\n\n\n\n<p class=\"has-black-color has-text-color\"><span style=\"color: #000000;\">Karjalankatu 37<\/span><\/p>\n\n\n\n<p><span style=\"color: #000000;\">76150 Pieks\u00e4m\u00e4ki<\/span><\/p>\n","protected":false},"excerpt":{"rendered":"<p>Seuran Y-tunnus: 1038044-9 Hallitus: Puheenjohtaja Auri Saloranta p. 0445031935 Varapuheenjohtaja Mikko Salmi p. 0407197747 Sihteeri Tiia-Maria Ikonen p. 0409658776 Rahastonhoitaja Minna Suvinen J\u00e4senet: Jelena Murdasova ja Jaana M\u00e4nnikk\u00f6 Varaj\u00e4senet Eetu J\u00e4ms\u00e4 ja Pasi Sk\u00f6n Posti&#8211; ja laskutusosoite Kaunokkikuja 1 b 10 76150 Pieks\u00e4m\u00e4ki tai auri.saloranta@gmail.com Ottelut ja turnaukset pelataan Bola liikuntahallilla Karjalankatu 37 76150 Pieks\u00e4m\u00e4ki<\/p>\n","protected":false},"author":1,"featured_media":0,"parent":0,"menu_order":0,"comment_status":"closed","ping_status":"closed","template":"","meta":{"footnotes":""},"class_list":["post-68","page","type-page","status-publish","hentry"],"_links":{"self":[{"href":"https:\/\/www.pieksamaensalibandy.com\/index.php?rest_route=\/wp\/v2\/pages\/68"}],"collection":[{"href":"https:\/\/www.pieksamaensalibandy.com\/index.php?rest_route=\/wp\/v2\/pages"}],"about":[{"href":"https:\/\/www.pieksamaensalibandy.com\/index.php?rest_route=\/wp\/v2\/types\/page"}],"author":[{"embeddable":true,"href":"https:\/\/www.pieksamaensalibandy.com\/index.php?rest_route=\/wp\/v2\/users\/1"}],"replies":[{"embeddable":true,"href":"https:\/\/www.pieksamaensalibandy.com\/index.php?rest_route=%2Fwp%2Fv2%2Fcomments&post=68"}],"version-history":[{"count":35,"href":"https:\/\/www.pieksamaensalibandy.com\/index.php?rest_route=\/wp\/v2\/pages\/68\/revisions"}],"predecessor-version":[{"id":2638,"href":"https:\/\/www.pieksamaensalibandy.com\/index.php?rest_route=\/wp\/v2\/pages\/68\/revisions\/2638"}],"wp:attachment":[{"href":"https:\/\/www.pieksamaensalibandy.com\/index.php?rest_route=%2Fwp%2Fv2%2Fmedia&parent=68"}],"curies":[{"name":"wp","href":"https:\/\/api.w.org\/{rel}","templated":true}]}}