{"id":66,"date":"2016-11-30T12:41:32","date_gmt":"2016-11-30T10:41:32","guid":{"rendered":"http:\/\/localhost\/wordpress\/?page_id=66"},"modified":"2019-02-21T12:49:55","modified_gmt":"2019-02-21T10:49:55","slug":"seura","status":"publish","type":"page","link":"https:\/\/www.pieksamaensalibandy.com\/?page_id=66","title":{"rendered":"Seura"},"content":{"rendered":"\n<h2 class=\"wp-block-heading\">Arvot, visio ja missio<\/h2>\n\n\n\n<p class=\"has-text-color has-very-dark-gray-color\"><strong>Pisaba on\npieks\u00e4m\u00e4kel\u00e4inen salibandyseura joka arvopohjaan kuuluvat ilo, yst\u00e4vyys, yhteis\u00f6llisyys\nja yhteisty\u00f6.<\/strong><\/p>\n\n\n\n<p class=\"has-text-color has-very-dark-gray-color\">Salibandy\ntuottaa iloa pelaajille, taustahenkil\u00f6ille ja yleis\u00f6lle. Salibandyharrastustoimintaan\non kaikkien lajista kiinnostuneiden helppo osallistua. Seuran j\u00e4senet ja\njoukkueet tukevat toinen toistaan. Seura tekee yhteisty\u00f6t\u00e4 muiden\nurheiluseurojen kanssa.<\/p>\n\n\n\n<p class=\"has-text-color has-very-dark-gray-color\"><strong>Missio<\/strong><\/p>\n\n\n\n<p class=\"has-text-color has-very-dark-gray-color\"><strong>Pisaba on<\/strong>\nkoko perheen salibandyseura, joka tuottaa laadukkaat ja monipuoliset\nmahdollisuudet harrastaa ja pelata kilpaa salibandya Pieks\u00e4m\u00e4en alueella. <\/p>\n\n\n\n<p class=\"has-text-color has-very-dark-gray-color\"><strong>Visio<\/strong><\/p>\n\n\n\n<p class=\"has-text-color has-very-dark-gray-color\"><strong>Pisaba on<\/strong>\nPieks\u00e4m\u00e4en alueen kiinnostavin urheiluseura.<\/p>\n","protected":false},"excerpt":{"rendered":"<p>Arvot, visio ja missio Pisaba on pieks\u00e4m\u00e4kel\u00e4inen salibandyseura joka arvopohjaan kuuluvat ilo, yst\u00e4vyys, yhteis\u00f6llisyys ja yhteisty\u00f6. Salibandy tuottaa iloa pelaajille, taustahenkil\u00f6ille ja yleis\u00f6lle. Salibandyharrastustoimintaan on kaikkien lajista kiinnostuneiden helppo osallistua. Seuran j\u00e4senet ja joukkueet tukevat toinen toistaan. Seura tekee yhteisty\u00f6t\u00e4 muiden urheiluseurojen kanssa. Missio Pisaba on koko perheen salibandyseura, joka tuottaa laadukkaat ja monipuoliset mahdollisuudet [&hellip;]<\/p>\n","protected":false},"author":1,"featured_media":0,"parent":0,"menu_order":0,"comment_status":"closed","ping_status":"closed","template":"","meta":{"footnotes":""},"class_list":["post-66","page","type-page","status-publish","hentry"],"_links":{"self":[{"href":"https:\/\/www.pieksamaensalibandy.com\/index.php?rest_route=\/wp\/v2\/pages\/66"}],"collection":[{"href":"https:\/\/www.pieksamaensalibandy.com\/index.php?rest_route=\/wp\/v2\/pages"}],"about":[{"href":"https:\/\/www.pieksamaensalibandy.com\/index.php?rest_route=\/wp\/v2\/types\/page"}],"author":[{"embeddable":true,"href":"https:\/\/www.pieksamaensalibandy.com\/index.php?rest_route=\/wp\/v2\/users\/1"}],"replies":[{"embeddable":true,"href":"https:\/\/www.pieksamaensalibandy.com\/index.php?rest_route=%2Fwp%2Fv2%2Fcomments&post=66"}],"version-history":[{"count":11,"href":"https:\/\/www.pieksamaensalibandy.com\/index.php?rest_route=\/wp\/v2\/pages\/66\/revisions"}],"predecessor-version":[{"id":1248,"href":"https:\/\/www.pieksamaensalibandy.com\/index.php?rest_route=\/wp\/v2\/pages\/66\/revisions\/1248"}],"wp:attachment":[{"href":"https:\/\/www.pieksamaensalibandy.com\/index.php?rest_route=%2Fwp%2Fv2%2Fmedia&parent=66"}],"curies":[{"name":"wp","href":"https:\/\/api.w.org\/{rel}","templated":true}]}}