{"id":56,"date":"2016-11-30T12:39:27","date_gmt":"2016-11-30T10:39:27","guid":{"rendered":"http:\/\/localhost\/wordpress\/?page_id=56"},"modified":"2024-08-29T18:44:48","modified_gmt":"2024-08-29T15:44:48","slug":"sahlykerhot","status":"publish","type":"page","link":"https:\/\/www.pieksamaensalibandy.com\/?page_id=56","title":{"rendered":"Pisaban s\u00e4hlykerhot 2024-2025"},"content":{"rendered":"\n<p class=\"has-black-color has-text-color has-link-color wp-elements-9301079fade22bf29cabec9e6bf95268\">Pisaban lasten s\u00e4hlykerhot k\u00e4ynnistyv\u00e4t  viikolla 36 ja 37.  S\u00e4hlykerhot ovat Pisaban j\u00e4rjest\u00e4mi\u00e4 harrasteryhmi\u00e4, joissa harjoitellaan salibandyn alkeita yhdistettyn\u00e4 oheisliikuntaan. Harjoittelun lis\u00e4ksi  joka kerta my\u00f6s pelataan! Ryhm\u00e4t sopivat erinomaisesti vasta-alkajille ja jo aiemmin mukana olleille. Jokainen osallistuja huomioidaan oman tasonsa mukaisesti. Ik\u00e4ryhmist\u00e4 joustetaan yksil\u00f6llisesti.<\/p>\n\n\n\n<p><strong>ti 3.9. klo 18<\/strong>.30<strong>-19.30 <\/strong>2.-3.-luokkalaiset Harjun koulu. Ohjaajina Joel Rimpineva ja Eetu Hukkanen<\/p>\n\n\n\n<p><strong>Ke 4.9. Klo 17-18.30 <\/strong>4.-6.-luokkalaiset Kontiopuiston liikuntahalli. Ryhm\u00e4 harjoittelee yhdess\u00e4 P12-joukkueen kanssa. Ohjaajina P13-joukkueen valmentajat. <\/p>\n\n\n\n<p><strong>ke 11.9. klo 17-18<\/strong> eskarit &#8211; 1.-luokkalaiset. Harjun koulu. Ohjaajina Veera Sirkka ja Eveliina Sikanen<\/p>\n\n\n\n<p><strong>Maksut<\/strong><\/p>\n\n\n\n<p class=\"has-black-color has-text-color has-link-color wp-elements-36579ba79e0b47fa45bb148472618cce\">Hinta 50\u20ac\/syksy ja 50\u20ac\/kev\u00e4t. Ilmoittautuminen <a href=\"https:\/\/www.suomisport.fi\/events?dateTimeRangeEnd=&amp;dateTimeRangeStart=&amp;masterSportIds=66&amp;municipalityIds=194&amp;organizers=&amp;purpose=&amp;searchTerm=&amp;tagIds\">Suomisport Sporttihaku<\/a> -&gt; Jatka ilmoittautumista j\u00e4rjestelm\u00e4ss\u00e4 annetun ohjeen mukaan. Ryhmiin voi ilmoittautua mukaan milloin vain kauden aikana. Kerhoon saa tulla kokeilemaan kerran ennen maksua. Kokeilukerralla seuralta saa lainata mailaa ja suojalaseja. <strong>Syksyll\u00e4 tehty ilmoittautuminen koskee sek\u00e4 syksy\u00e4 ett\u00e4 kev\u00e4tt\u00e4.&nbsp;Syksyll\u00e4 mukana olleiden ei tarvitse ilmoittautua kev\u00e4\u00e4ksi uudelleen.<\/strong>&nbsp;Mik\u00e4li kuitenkin haluat peruuttaa syksyn j\u00e4lkeen kev\u00e4\u00e4n osallistumisen, on peruminen teht\u00e4v\u00e4 kirjallisesti (viesti, s\u00e4hk\u00f6posti) s\u00e4hlykerhon ohjaajalle joulukuun loppuun menness\u00e4. Jos lapsi lopettaa kesken syys- tai kev\u00e4tkauden, maksua ei hyvitet\u00e4.<\/p>\n\n\n\n<p class=\"has-black-color has-text-color has-link-color wp-elements-9b25d82fce8ed2d28db0503de4ce0dd8\">Mukaan maila, suojalasit, sis\u00e4liikuntavaatteet ja sis\u00e4pelikeng\u00e4t. Harjoittelupaikkojen suhteen saattaa tulla muutoksia, mutta siit\u00e4 tiedotetaan kauden aikana. Muutokset eiv\u00e4t vaikuta hintaan.<\/p>\n\n\n\n<p>Lis\u00e4tietoja Auri Saloranta p. 0447995624<\/p>\n","protected":false},"excerpt":{"rendered":"<p>Pisaban lasten s\u00e4hlykerhot k\u00e4ynnistyv\u00e4t viikolla 36 ja 37. S\u00e4hlykerhot ovat Pisaban j\u00e4rjest\u00e4mi\u00e4 harrasteryhmi\u00e4, joissa harjoitellaan salibandyn alkeita yhdistettyn\u00e4 oheisliikuntaan. Harjoittelun lis\u00e4ksi joka kerta my\u00f6s pelataan! Ryhm\u00e4t sopivat erinomaisesti vasta-alkajille ja jo aiemmin mukana olleille. Jokainen osallistuja huomioidaan oman tasonsa mukaisesti. Ik\u00e4ryhmist\u00e4 joustetaan yksil\u00f6llisesti. ti 3.9. klo 18.30-19.30 2.-3.-luokkalaiset Harjun koulu. Ohjaajina Joel Rimpineva ja Eetu [&hellip;]<\/p>\n","protected":false},"author":1,"featured_media":0,"parent":0,"menu_order":0,"comment_status":"closed","ping_status":"closed","template":"","meta":{"footnotes":""},"class_list":["post-56","page","type-page","status-publish","hentry"],"_links":{"self":[{"href":"https:\/\/www.pieksamaensalibandy.com\/index.php?rest_route=\/wp\/v2\/pages\/56"}],"collection":[{"href":"https:\/\/www.pieksamaensalibandy.com\/index.php?rest_route=\/wp\/v2\/pages"}],"about":[{"href":"https:\/\/www.pieksamaensalibandy.com\/index.php?rest_route=\/wp\/v2\/types\/page"}],"author":[{"embeddable":true,"href":"https:\/\/www.pieksamaensalibandy.com\/index.php?rest_route=\/wp\/v2\/users\/1"}],"replies":[{"embeddable":true,"href":"https:\/\/www.pieksamaensalibandy.com\/index.php?rest_route=%2Fwp%2Fv2%2Fcomments&post=56"}],"version-history":[{"count":32,"href":"https:\/\/www.pieksamaensalibandy.com\/index.php?rest_route=\/wp\/v2\/pages\/56\/revisions"}],"predecessor-version":[{"id":2654,"href":"https:\/\/www.pieksamaensalibandy.com\/index.php?rest_route=\/wp\/v2\/pages\/56\/revisions\/2654"}],"wp:attachment":[{"href":"https:\/\/www.pieksamaensalibandy.com\/index.php?rest_route=%2Fwp%2Fv2%2Fmedia&parent=56"}],"curies":[{"name":"wp","href":"https:\/\/api.w.org\/{rel}","templated":true}]}}