{"id":345,"date":"2017-05-05T14:09:48","date_gmt":"2017-05-05T11:09:48","guid":{"rendered":"http:\/\/www.pieksamaensalibandy.com\/?page_id=345"},"modified":"2022-04-27T11:10:26","modified_gmt":"2022-04-27T08:10:26","slug":"salibandyliiton-kausi-info","status":"publish","type":"page","link":"https:\/\/www.pieksamaensalibandy.com\/?page_id=345","title":{"rendered":"Salibandyliiton kausi-info"},"content":{"rendered":"<p><span style=\"color: #000000;\">Salibandyliiton kausi-info 2022-2023 on ilmestynyt, voit tutustua siihen t\u00e4\u00e4lt\u00e4:<\/span><\/p>\n<p><a href=\"https:\/\/salibandy.fi\/uploads\/2022\/04\/4c45bb74-kausi-info_2022-23.pdf\">https:\/\/salibandy.fi\/uploads\/2022\/04\/4c45bb74-kausi-info_2022-23.pdf<\/a><\/p>\n<p>Pelaajasiirtotietoa:<\/p>\n<p><a href=\"https:\/\/salibandy.fi\/fi\/palvelut\/seuralle\/sarjatoiminta-ja-edustusoikeudet\/pelaajasiirrot\/\">https:\/\/salibandy.fi\/fi\/palvelut\/seuralle\/sarjatoiminta-ja-edustusoikeudet\/pelaajasiirrot\/<\/a><\/p>\n<p>Pisabassa pelaajasiirroista vastaa sihteeri Anne Peltonen p. 0407576657<\/p>\n","protected":false},"excerpt":{"rendered":"<p>Salibandyliiton kausi-info 2022-2023 on ilmestynyt, voit tutustua siihen t\u00e4\u00e4lt\u00e4: https:\/\/salibandy.fi\/uploads\/2022\/04\/4c45bb74-kausi-info_2022-23.pdf Pelaajasiirtotietoa: https:\/\/salibandy.fi\/fi\/palvelut\/seuralle\/sarjatoiminta-ja-edustusoikeudet\/pelaajasiirrot\/ Pisabassa pelaajasiirroista vastaa sihteeri Anne Peltonen p. 0407576657<\/p>\n","protected":false},"author":1,"featured_media":0,"parent":70,"menu_order":0,"comment_status":"closed","ping_status":"closed","template":"","meta":{"footnotes":""},"class_list":["post-345","page","type-page","status-publish","hentry"],"_links":{"self":[{"href":"https:\/\/www.pieksamaensalibandy.com\/index.php?rest_route=\/wp\/v2\/pages\/345"}],"collection":[{"href":"https:\/\/www.pieksamaensalibandy.com\/index.php?rest_route=\/wp\/v2\/pages"}],"about":[{"href":"https:\/\/www.pieksamaensalibandy.com\/index.php?rest_route=\/wp\/v2\/types\/page"}],"author":[{"embeddable":true,"href":"https:\/\/www.pieksamaensalibandy.com\/index.php?rest_route=\/wp\/v2\/users\/1"}],"replies":[{"embeddable":true,"href":"https:\/\/www.pieksamaensalibandy.com\/index.php?rest_route=%2Fwp%2Fv2%2Fcomments&post=345"}],"version-history":[{"count":11,"href":"https:\/\/www.pieksamaensalibandy.com\/index.php?rest_route=\/wp\/v2\/pages\/345\/revisions"}],"predecessor-version":[{"id":2229,"href":"https:\/\/www.pieksamaensalibandy.com\/index.php?rest_route=\/wp\/v2\/pages\/345\/revisions\/2229"}],"up":[{"embeddable":true,"href":"https:\/\/www.pieksamaensalibandy.com\/index.php?rest_route=\/wp\/v2\/pages\/70"}],"wp:attachment":[{"href":"https:\/\/www.pieksamaensalibandy.com\/index.php?rest_route=%2Fwp%2Fv2%2Fmedia&parent=345"}],"curies":[{"name":"wp","href":"https:\/\/api.w.org\/{rel}","templated":true}]}}