{"id":268,"date":"2017-03-02T10:26:27","date_gmt":"2017-03-02T08:26:27","guid":{"rendered":"http:\/\/www.pieksamaensalibandy.com\/?page_id=268"},"modified":"2020-08-28T12:17:51","modified_gmt":"2020-08-28T09:17:51","slug":"joukkueohjeet","status":"publish","type":"page","link":"https:\/\/www.pieksamaensalibandy.com\/?page_id=268","title":{"rendered":"Joukkueohjeet"},"content":{"rendered":"<p><span style=\"color: #000000;\">Joukkueenjohtaja on yksi t\u00e4rkeimmist\u00e4 henkil\u00f6ist\u00e4 joukkueen toiminnan kannalta. Ilman taitavia, innokkaita ja asialleen omistautuneita taustajoukkoja yksik\u00e4\u00e4n salibandyjoukkue ei pystyisi toimimaan.<\/span><\/p>\n<p><span style=\"color: #000000;\">Etenkin teht\u00e4v\u00e4ss\u00e4\u00e4n aloittavalle joukkueenjohtajalle, mutta jo kokeneemmallekin, tulee eteen asioita ja kysymyksi\u00e4, joihin tarvitsee vastauksia. Alta l\u00f6yd\u00e4t liiton ja Pisaban laatimat ohjeistukset:<br \/>\n<\/span><\/p>\n<p><a href=\"https:\/\/salibandy.fi\/fi\/info\/saannot\/\">Salibandyliiton s\u00e4\u00e4nn\u00f6t ja ohjeet<\/a><\/p>\n<p><a href=\"http:\/\/www.pieksamaensalibandy.com\/wp-content\/uploads\/2019\/11\/JOUKKUEOHJEET.docx\">JOUKKUEOHJEET<\/a><\/p>\n","protected":false},"excerpt":{"rendered":"<p>Joukkueenjohtaja on yksi t\u00e4rkeimmist\u00e4 henkil\u00f6ist\u00e4 joukkueen toiminnan kannalta. Ilman taitavia, innokkaita ja asialleen omistautuneita taustajoukkoja yksik\u00e4\u00e4n salibandyjoukkue ei pystyisi toimimaan. Etenkin teht\u00e4v\u00e4ss\u00e4\u00e4n aloittavalle joukkueenjohtajalle, mutta jo kokeneemmallekin, tulee eteen asioita ja kysymyksi\u00e4, joihin tarvitsee vastauksia. Alta l\u00f6yd\u00e4t liiton ja Pisaban laatimat ohjeistukset: Salibandyliiton s\u00e4\u00e4nn\u00f6t ja ohjeet JOUKKUEOHJEET<\/p>\n","protected":false},"author":1,"featured_media":0,"parent":70,"menu_order":0,"comment_status":"closed","ping_status":"closed","template":"","meta":{"footnotes":""},"class_list":["post-268","page","type-page","status-publish","hentry"],"_links":{"self":[{"href":"https:\/\/www.pieksamaensalibandy.com\/index.php?rest_route=\/wp\/v2\/pages\/268"}],"collection":[{"href":"https:\/\/www.pieksamaensalibandy.com\/index.php?rest_route=\/wp\/v2\/pages"}],"about":[{"href":"https:\/\/www.pieksamaensalibandy.com\/index.php?rest_route=\/wp\/v2\/types\/page"}],"author":[{"embeddable":true,"href":"https:\/\/www.pieksamaensalibandy.com\/index.php?rest_route=\/wp\/v2\/users\/1"}],"replies":[{"embeddable":true,"href":"https:\/\/www.pieksamaensalibandy.com\/index.php?rest_route=%2Fwp%2Fv2%2Fcomments&post=268"}],"version-history":[{"count":10,"href":"https:\/\/www.pieksamaensalibandy.com\/index.php?rest_route=\/wp\/v2\/pages\/268\/revisions"}],"predecessor-version":[{"id":1679,"href":"https:\/\/www.pieksamaensalibandy.com\/index.php?rest_route=\/wp\/v2\/pages\/268\/revisions\/1679"}],"up":[{"embeddable":true,"href":"https:\/\/www.pieksamaensalibandy.com\/index.php?rest_route=\/wp\/v2\/pages\/70"}],"wp:attachment":[{"href":"https:\/\/www.pieksamaensalibandy.com\/index.php?rest_route=%2Fwp%2Fv2%2Fmedia&parent=268"}],"curies":[{"name":"wp","href":"https:\/\/api.w.org\/{rel}","templated":true}]}}