{"id":2663,"date":"2024-09-03T12:51:24","date_gmt":"2024-09-03T09:51:24","guid":{"rendered":"http:\/\/www.pieksamaensalibandy.com\/?page_id=2663"},"modified":"2024-09-03T12:57:38","modified_gmt":"2024-09-03T09:57:38","slug":"miesten-joukkueet","status":"publish","type":"page","link":"https:\/\/www.pieksamaensalibandy.com\/?page_id=2663","title":{"rendered":"Miesten joukkueet"},"content":{"rendered":"\n<p>Pisaban miehet pelaavat 2.-divarissa ja 5.-divarissa Savo-karjalan alueella. Joukkueet tekev\u00e4t keskin\u00e4isen farmisopimuksen, joka oikeuttaa pelaajia liikkumaan kahden joukkueen v\u00e4lill\u00e4. Joukkueet pit\u00e4v\u00e4t yhteisi\u00e4 harjoituksia t\u00e4ll\u00e4 hetkell\u00e4 Kontiopuiston liikuntahallilla maanantaisin klo 18.30 ja keskiviikkoisin klo 20.<\/p>\n\n\n\n<p>Kokoonpanot ja otteluohjelmat julkaistaan my\u00f6hemmin Miesten joukkueet-sivuilla.<\/p>\n","protected":false},"excerpt":{"rendered":"<p>Pisaban miehet pelaavat 2.-divarissa ja 5.-divarissa Savo-karjalan alueella. Joukkueet tekev\u00e4t keskin\u00e4isen farmisopimuksen, joka oikeuttaa pelaajia liikkumaan kahden joukkueen v\u00e4lill\u00e4. Joukkueet pit\u00e4v\u00e4t yhteisi\u00e4 harjoituksia t\u00e4ll\u00e4 hetkell\u00e4 Kontiopuiston liikuntahallilla maanantaisin klo 18.30 ja keskiviikkoisin klo 20. Kokoonpanot ja otteluohjelmat julkaistaan my\u00f6hemmin Miesten joukkueet-sivuilla.<\/p>\n","protected":false},"author":1,"featured_media":0,"parent":0,"menu_order":0,"comment_status":"closed","ping_status":"closed","template":"","meta":{"footnotes":""},"class_list":["post-2663","page","type-page","status-publish","hentry"],"_links":{"self":[{"href":"https:\/\/www.pieksamaensalibandy.com\/index.php?rest_route=\/wp\/v2\/pages\/2663"}],"collection":[{"href":"https:\/\/www.pieksamaensalibandy.com\/index.php?rest_route=\/wp\/v2\/pages"}],"about":[{"href":"https:\/\/www.pieksamaensalibandy.com\/index.php?rest_route=\/wp\/v2\/types\/page"}],"author":[{"embeddable":true,"href":"https:\/\/www.pieksamaensalibandy.com\/index.php?rest_route=\/wp\/v2\/users\/1"}],"replies":[{"embeddable":true,"href":"https:\/\/www.pieksamaensalibandy.com\/index.php?rest_route=%2Fwp%2Fv2%2Fcomments&post=2663"}],"version-history":[{"count":3,"href":"https:\/\/www.pieksamaensalibandy.com\/index.php?rest_route=\/wp\/v2\/pages\/2663\/revisions"}],"predecessor-version":[{"id":2667,"href":"https:\/\/www.pieksamaensalibandy.com\/index.php?rest_route=\/wp\/v2\/pages\/2663\/revisions\/2667"}],"wp:attachment":[{"href":"https:\/\/www.pieksamaensalibandy.com\/index.php?rest_route=%2Fwp%2Fv2%2Fmedia&parent=2663"}],"curies":[{"name":"wp","href":"https:\/\/api.w.org\/{rel}","templated":true}]}}