{"id":2509,"date":"2023-10-12T13:29:28","date_gmt":"2023-10-12T10:29:28","guid":{"rendered":"http:\/\/www.pieksamaensalibandy.com\/?page_id=2509"},"modified":"2024-07-30T13:39:20","modified_gmt":"2024-07-30T10:39:20","slug":"seppa-liigajoukkue-p12","status":"publish","type":"page","link":"https:\/\/www.pieksamaensalibandy.com\/?page_id=2509","title":{"rendered":"Kortteli-liigajoukkue P12"},"content":{"rendered":"\n<p>Pisaban P12 pelaa Jyv\u00e4skyl\u00e4n alueella Kortteli-liigaa. <\/p>\n\n\n\n<p>Peli\u00e4 pelataan 4 vs. 4, peliaika on 3x15min ja kaukalon koko 30 x 15m \u2013 32 x 16m.<br>Peli katkaistaan aina maalivihellyksest\u00e4 ja j\u00e4\u00e4hyist\u00e4. Tuomari katkaisee pelin esim. laitojen kaatumisen tai loukkaantumisten vuoksi. Ottelun viimeinen minuutti on tehokasta peliaikaa.<br>Maalieron kasvaessa nelj\u00e4\u00e4n maaliin 4 vs. 4 -peliss\u00e4 saa h\u00e4vi\u00f6ll\u00e4 oleva joukkue ottaa yhden lis\u00e4pelaajan kent\u00e4lle. Mik\u00e4li lis\u00e4pelaajan ollessa k\u00e4yt\u00f6ss\u00e4 maaliero kaventuu kahteen maaliin, tulee lis\u00e4pelaaja ottaa pois kent\u00e4lt\u00e4 ja ottelua jatketaan j\u00e4lleen 4 vs. 4 -pelin\u00e4. Ottelu keskeytyy, mik\u00e4li ottelua on pelattu 2 er\u00e4\u00e4 tai enemm\u00e4n ja maaliero on 12 maalia. Ottelun lopputulokseksi j\u00e4\u00e4 keskeytyshetkell\u00e4 vallinnut tilanne.<br>Ottelut voivat p\u00e4\u00e4tty\u00e4 tasan, eik\u00e4 niiss\u00e4 pelata jatkoaikaa tai voittomaalikilpailua. Kummallakin joukkueella on oikeus yhteen 30 sekuntia kest\u00e4v\u00e4\u00e4n aikalis\u00e4\u00e4n.<br>Ottelut pelataan Salibandyliiton pelis\u00e4\u00e4nt\u00f6jen mukaan liigaan sovelletuilla poikkeuksilla.<\/p>\n\n\n\n<p><strong>Joukkueen kokoonpano<\/strong><br>Kausi 2023-2024<br>Pelaajat<br>Ville Manninen<br>Leo Kundt<br>Aatu Pitk\u00e4nen<br>Aku Leskinen<br>Jiri S\u00e4\u00e4m\u00e4nen<br>Roope Heimonen<br>Konsta Tarulahti<br>Veeti Tyrv\u00e4inen<br>Jami Minkkinen<br>Aapo Drake<br>Nooa Rossi<br>Rasmus Haapsaari<br>Viljami Matilainen<br>Reetu Heiskanen<\/p>\n\n\n\n<p>Valmentajat<br>Jessica J\u00e4ntti<br>Santeri Lyyra<br>Mitro J\u00e4ntti<br>Vesa Manninen<br>Teemu Rossi<br><\/p>\n\n\n\n<p>Joukkuetta sponsoroi:<\/p>\n\n\n\n<figure class=\"wp-block-image size-full is-resized\"><a href=\"http:\/\/www.pieksamaensalibandy.com\/wp-content\/uploads\/2024\/07\/talotoimi.png\"><img loading=\"lazy\" decoding=\"async\" width=\"485\" height=\"146\" src=\"http:\/\/www.pieksamaensalibandy.com\/wp-content\/uploads\/2024\/07\/talotoimi.png\" alt=\"\" class=\"wp-image-2620\" style=\"width:316px;height:auto\" srcset=\"https:\/\/www.pieksamaensalibandy.com\/wp-content\/uploads\/2024\/07\/talotoimi.png 485w, https:\/\/www.pieksamaensalibandy.com\/wp-content\/uploads\/2024\/07\/talotoimi-300x90.png 300w, https:\/\/www.pieksamaensalibandy.com\/wp-content\/uploads\/2024\/07\/talotoimi-3x1.png 3w\" sizes=\"(max-width: 485px) 100vw, 485px\" \/><\/a><\/figure>\n\n\n\n<p><a href=\"https:\/\/pieksamaentalotoimi.fi\">https:\/\/pieksamaentalotoimi.fi<\/a><\/p>\n\n\n","protected":false},"excerpt":{"rendered":"<p>Pisaban P12 pelaa Jyv\u00e4skyl\u00e4n alueella Kortteli-liigaa. Peli\u00e4 pelataan 4 vs. 4, peliaika on 3x15min ja kaukalon koko 30 x 15m \u2013 32 x 16m.Peli katkaistaan aina maalivihellyksest\u00e4 ja j\u00e4\u00e4hyist\u00e4. Tuomari katkaisee pelin esim. laitojen kaatumisen tai loukkaantumisten vuoksi. Ottelun viimeinen minuutti on tehokasta peliaikaa.Maalieron kasvaessa nelj\u00e4\u00e4n maaliin 4 vs. 4 -peliss\u00e4 saa h\u00e4vi\u00f6ll\u00e4 oleva joukkue [&hellip;]<\/p>\n","protected":false},"author":1,"featured_media":0,"parent":0,"menu_order":0,"comment_status":"closed","ping_status":"closed","template":"","meta":{"footnotes":""},"class_list":["post-2509","page","type-page","status-publish","hentry"],"_links":{"self":[{"href":"https:\/\/www.pieksamaensalibandy.com\/index.php?rest_route=\/wp\/v2\/pages\/2509"}],"collection":[{"href":"https:\/\/www.pieksamaensalibandy.com\/index.php?rest_route=\/wp\/v2\/pages"}],"about":[{"href":"https:\/\/www.pieksamaensalibandy.com\/index.php?rest_route=\/wp\/v2\/types\/page"}],"author":[{"embeddable":true,"href":"https:\/\/www.pieksamaensalibandy.com\/index.php?rest_route=\/wp\/v2\/users\/1"}],"replies":[{"embeddable":true,"href":"https:\/\/www.pieksamaensalibandy.com\/index.php?rest_route=%2Fwp%2Fv2%2Fcomments&post=2509"}],"version-history":[{"count":5,"href":"https:\/\/www.pieksamaensalibandy.com\/index.php?rest_route=\/wp\/v2\/pages\/2509\/revisions"}],"predecessor-version":[{"id":2626,"href":"https:\/\/www.pieksamaensalibandy.com\/index.php?rest_route=\/wp\/v2\/pages\/2509\/revisions\/2626"}],"wp:attachment":[{"href":"https:\/\/www.pieksamaensalibandy.com\/index.php?rest_route=%2Fwp%2Fv2%2Fmedia&parent=2509"}],"curies":[{"name":"wp","href":"https:\/\/api.w.org\/{rel}","templated":true}]}}