{"id":1606,"date":"2020-04-02T11:38:38","date_gmt":"2020-04-02T08:38:38","guid":{"rendered":"http:\/\/www.pieksamaensalibandy.com\/?page_id=1606"},"modified":"2020-12-14T11:33:21","modified_gmt":"2020-12-14T09:33:21","slug":"matkalasku","status":"publish","type":"page","link":"https:\/\/www.pieksamaensalibandy.com\/?page_id=1606","title":{"rendered":"Matkalasku"},"content":{"rendered":"\n<p>Pisaba maksaa valmentajille matkakorvausta verottajan ohjeiden mukaisesti 0,43 sentti\u00e4\/km peli- ja harjoitusmatkoista. Korvauksia maksetaan 300\u20ac asti. Jos kuljetat autossa lis\u00e4henkil\u00f6it\u00e4, niist\u00e4 maksetaan +0,3 sentti\u00e4\/km\/hl\u00f6.&nbsp;<\/p>\n\n\n\n<p>Verottajan ohje: \u201d Matkoista on teht\u00e4v\u00e4 matkalasku. Verovapauden edellytykset ovat samat kuin palkansaajillakin, paitsi ett\u00e4 yleishy\u00f6dyllinen yhteis\u00f6 tai julkisyhteis\u00f6 voi korvata matkustamiskustannukset my\u00f6s vapaaehtoisen asunnolta vapaaehtoisty\u00f6n tekemispaikkaan.\u201d<\/p>\n\n\n\n<p>Pyyd\u00e4 matkalaskupohja puheenjohtaja Auri Salorannalta p. 0445031935 tai auri.saloranta@gmail.com, jotta saat sen s\u00e4hk\u00f6postiisi. Tallenna matkalaskupohja koneellesi,  t\u00e4yt\u00e4 ohjeiden mukaisesti ja palauta auri.saloranta@gmail.com.<\/p>\n\n\n\n<p><strong>Ohje<\/strong><\/p>\n\n\n\n<p>Laita lomakkeeseen p\u00e4iv\u00e4m\u00e4\u00e4r\u00e4, kellonaika, matka (mist\u00e4-mihin) ja matkan tarkoitus. Lomake laskee automaattisesti summat. Auri neuvoa my\u00f6s puhelimitse tarkemmin.<\/p>\n","protected":false},"excerpt":{"rendered":"<p>Pisaba maksaa valmentajille matkakorvausta verottajan ohjeiden mukaisesti 0,43 sentti\u00e4\/km peli- ja harjoitusmatkoista. Korvauksia maksetaan 300\u20ac asti. Jos kuljetat autossa lis\u00e4henkil\u00f6it\u00e4, niist\u00e4 maksetaan +0,3 sentti\u00e4\/km\/hl\u00f6.&nbsp; Verottajan ohje: \u201d Matkoista on teht\u00e4v\u00e4 matkalasku. Verovapauden edellytykset ovat samat kuin palkansaajillakin, paitsi ett\u00e4 yleishy\u00f6dyllinen yhteis\u00f6 tai julkisyhteis\u00f6 voi korvata matkustamiskustannukset my\u00f6s vapaaehtoisen asunnolta vapaaehtoisty\u00f6n tekemispaikkaan.\u201d Pyyd\u00e4 matkalaskupohja puheenjohtaja Auri [&hellip;]<\/p>\n","protected":false},"author":1,"featured_media":0,"parent":0,"menu_order":0,"comment_status":"closed","ping_status":"closed","template":"","meta":{"footnotes":""},"class_list":["post-1606","page","type-page","status-publish","hentry"],"_links":{"self":[{"href":"https:\/\/www.pieksamaensalibandy.com\/index.php?rest_route=\/wp\/v2\/pages\/1606"}],"collection":[{"href":"https:\/\/www.pieksamaensalibandy.com\/index.php?rest_route=\/wp\/v2\/pages"}],"about":[{"href":"https:\/\/www.pieksamaensalibandy.com\/index.php?rest_route=\/wp\/v2\/types\/page"}],"author":[{"embeddable":true,"href":"https:\/\/www.pieksamaensalibandy.com\/index.php?rest_route=\/wp\/v2\/users\/1"}],"replies":[{"embeddable":true,"href":"https:\/\/www.pieksamaensalibandy.com\/index.php?rest_route=%2Fwp%2Fv2%2Fcomments&post=1606"}],"version-history":[{"count":7,"href":"https:\/\/www.pieksamaensalibandy.com\/index.php?rest_route=\/wp\/v2\/pages\/1606\/revisions"}],"predecessor-version":[{"id":1831,"href":"https:\/\/www.pieksamaensalibandy.com\/index.php?rest_route=\/wp\/v2\/pages\/1606\/revisions\/1831"}],"wp:attachment":[{"href":"https:\/\/www.pieksamaensalibandy.com\/index.php?rest_route=%2Fwp%2Fv2%2Fmedia&parent=1606"}],"curies":[{"name":"wp","href":"https:\/\/api.w.org\/{rel}","templated":true}]}}