{"id":1573,"date":"2020-02-06T16:03:45","date_gmt":"2020-02-06T14:03:45","guid":{"rendered":"http:\/\/www.pieksamaensalibandy.com\/?page_id=1573"},"modified":"2023-12-07T11:57:53","modified_gmt":"2023-12-07T09:57:53","slug":"kriisiviestintaohje","status":"publish","type":"page","link":"https:\/\/www.pieksamaensalibandy.com\/?page_id=1573","title":{"rendered":"Kriisiviestint\u00e4ohje"},"content":{"rendered":"\n<p>Kriisiviestint\u00e4 on viestint\u00e4\u00e4 tilanteissa, joissa seuran toimintaedellytykset tai maine on uhattuna. Kriisi voi koskea seuraa sis\u00e4isesti tai ulkoisesti. Kriisi voi olla onnettomuus tai turma joka vaatii selke\u00e4\u00e4 viestint\u00e4\u00e4 niin sis\u00e4isesti kuin ulkoisesti.<\/p>\n\n\n\n<p>Kriisiviestint\u00e4\u00e4 vaativia erityistilanteita ja\npoikkeusoloja ovat esimerkiksi: <\/p>\n\n\n\n<ul class=\"wp-block-list\"><li>Toimintaa uhkaavat\nerityistilanteet, kuten erilaiset onnettomuudet <ul><li>tulipalot,\nliikenneonnettomuudet, luonnon \u00e4\u00e4riolosuhteet<\/li><\/ul><\/li><li>V\u00e4kivallan teot tai uhkailut<\/li><li>Maineeseen liittyv\u00e4t\nkriisit <ul><li>henkil\u00f6st\u00f6- tai\ntalouskriisi <\/li><\/ul><ul><li>organisaatioon tai sen\njohtoon kohdistuva julkisuuskriisi <\/li><\/ul><\/li><\/ul>\n\n\n\n<p><strong>Kriisist\u00e4 ilmoittaminen<\/strong><\/p>\n\n\n\n<p>Ilmoita tapahtuneesta v\u00e4litt\u00f6m\u00e4sti puheenjohtajalle p. 0445031935. Jos puheenjohtaja on estynyt, varahenkil\u00f6n\u00e4 toimii varapuheenjohtaja p. 0400 241655. He antavat lis\u00e4ohjeita siit\u00e4, kuinka tulee menetell\u00e4.<\/p>\n\n\n\n<p>Ilmoita:<\/p>\n\n\n\n<p><strong>MIT\u00c4<\/strong>\n\u201dLiikenneonnettomuus&#8230;<\/p>\n\n\n\n<p><strong>\u201dMISS\u00c4<\/strong>\n\u201dKuopiossa&#8230;<\/p>\n\n\n\n<p><strong>\u201dMILLOIN<\/strong>\n\u201dT\u00e4n\u00e4\u00e4n noin kello 20.30&#8230;<\/p>\n\n\n\n<p><strong>\u201dKUKA\/KETK\u00c4<\/strong>\n\u201dKyydiss\u00e4 olleet pelaajat&#8230;<\/p>\n\n\n\n<p><strong>\u201dMIKSI<\/strong>\n\u201dAuto suistui ojaan&#8230;<\/p>\n\n\n\n<p><strong>\u201dSEURAUKSET<\/strong>\n\u201dKaksi pelaajaa loukkaantui vakavasti&#8230;<\/p>\n\n\n\n<p><strong>\u201dTOIMENPITEET<\/strong>\n\u201dToimitettiin ambulanssilla KYS:aan&#8230;<\/p>\n\n\n\n<p><strong>\u201dLIS\u00c4TIEDOT<\/strong>\n\u201dLis\u00e4tietoja antaa NN numerosta\u2026<\/p>\n\n\n\n<p><strong>Kriisiviestint\u00e4<\/strong><\/p>\n\n\n\n<p>Hallitus\nk\u00e4ynnist\u00e4\u00e4 tiedotuksen ohjeen mukaan tilanteissa, joissa tarvitaan tehostettua\nviestint\u00e4\u00e4 ja voidaan joutua antamaan tietoja ulkopuolisille. Seuran\npuheenjohtaja vastaa kriisiviestinn\u00e4st\u00e4 hallituksen avustamana. Ainoastaan puheenjohtaja\nantaa tietoja ulkopuolisille tahoille ja p\u00e4\u00e4tt\u00e4\u00e4 sis\u00e4isest\u00e4 viestinn\u00e4st\u00e4. Puheenjohtajan\nestyess\u00e4 yhteyshenkil\u00f6n\u00e4 toimii varapuheenjohtaja.<\/p>\n\n\n\n<p>Tieto levi\u00e4\u00e4 sosiaalisessa mediassa salamannopeasti \u2013 my\u00f6s v\u00e4\u00e4r\u00e4 tieto, jota on my\u00f6hemmin vaikea oikaista. Siksi sosiaalisessa mediassa ei tule julkaista mit\u00e4\u00e4n tapahtumaan liittyv\u00e4\u00e4 spekulaatiota, n\u00e4k\u00f6havaintoja, kuvia tai videoita \u2013 edes henkil\u00f6kohtaisessa profiilissa. Vain viralliset tiedotteet julkaistaan. Kuolemantapauksissa menehtyneen omaisille tiedon saattaa VIRANOMAINEN (esim. poliisi). Seuran toimijat eiv\u00e4t anna n\u00e4it\u00e4 tietoja julkisuuteen.<\/p>\n\n\n\n<p>KRIISIVIESTINN\u00c4N PERIAATTEET<\/p>\n\n\n\n<ul class=\"wp-block-list\"><li>Toimintaohjeet j\u00e4senille:\nasiallinen tieto rauhoittaa mielt\u00e4 ja hillitsee paniikkia.<\/li><li>Kriisitilanne\nedellytt\u00e4\u00e4 tehostettua johtamista ja viestint\u00e4\u00e4. Kriisiviestint\u00e4 voi onnistua vain, jos seuran normaaliajan viestint\u00e4k\u00e4yt\u00e4nn\u00f6t\nja rutiinit ovat kunnossa.<\/li><li>Avoin, nopea ja\nmonikanavainen viestint\u00e4 vahvistavat luottamusta\nseuran toimintakykyyn poikkeuksellisissakin olosuhteissa.<\/li><li>Kerro itse avoimesti,\nrehellisesti ja nopeasti, mutta \u00e4l\u00e4 spekuloi.<\/li><li>Nopeus ei saa ohittaa\nluotettavuutta.<\/li><li>Peittely, salailu tai\nvalehtelu pahentaa tilannetta.<\/li><li>Tunnusta avoimesti\nvirheet. <\/li><li>Kanna vastuu\ntilanteesta, \u00e4l\u00e4 v\u00e4h\u00e4ttele, \u00e4l\u00e4 siirr\u00e4 vastuuta \u00e4l\u00e4k\u00e4 syyt\u00e4 muita.<\/li><li>Kuuntele ja osoita\nmy\u00f6t\u00e4tuntoa.<\/li><\/ul>\n\n\n\n<p>Pisaban\npuheenjohtaja on tilanteen vaatiessa yhteydess\u00e4 Pieks\u00e4m\u00e4en kaupungin\nkriisiryhm\u00e4\u00e4n. <\/p>\n","protected":false},"excerpt":{"rendered":"<p>Kriisiviestint\u00e4 on viestint\u00e4\u00e4 tilanteissa, joissa seuran toimintaedellytykset tai maine on uhattuna. Kriisi voi koskea seuraa sis\u00e4isesti tai ulkoisesti. Kriisi voi olla onnettomuus tai turma joka vaatii selke\u00e4\u00e4 viestint\u00e4\u00e4 niin sis\u00e4isesti kuin ulkoisesti. Kriisiviestint\u00e4\u00e4 vaativia erityistilanteita ja poikkeusoloja ovat esimerkiksi: Toimintaa uhkaavat erityistilanteet, kuten erilaiset onnettomuudet tulipalot, liikenneonnettomuudet, luonnon \u00e4\u00e4riolosuhteet V\u00e4kivallan teot tai uhkailut Maineeseen liittyv\u00e4t [&hellip;]<\/p>\n","protected":false},"author":1,"featured_media":0,"parent":0,"menu_order":0,"comment_status":"closed","ping_status":"closed","template":"","meta":{"footnotes":""},"class_list":["post-1573","page","type-page","status-publish","hentry"],"_links":{"self":[{"href":"https:\/\/www.pieksamaensalibandy.com\/index.php?rest_route=\/wp\/v2\/pages\/1573"}],"collection":[{"href":"https:\/\/www.pieksamaensalibandy.com\/index.php?rest_route=\/wp\/v2\/pages"}],"about":[{"href":"https:\/\/www.pieksamaensalibandy.com\/index.php?rest_route=\/wp\/v2\/types\/page"}],"author":[{"embeddable":true,"href":"https:\/\/www.pieksamaensalibandy.com\/index.php?rest_route=\/wp\/v2\/users\/1"}],"replies":[{"embeddable":true,"href":"https:\/\/www.pieksamaensalibandy.com\/index.php?rest_route=%2Fwp%2Fv2%2Fcomments&post=1573"}],"version-history":[{"count":4,"href":"https:\/\/www.pieksamaensalibandy.com\/index.php?rest_route=\/wp\/v2\/pages\/1573\/revisions"}],"predecessor-version":[{"id":2535,"href":"https:\/\/www.pieksamaensalibandy.com\/index.php?rest_route=\/wp\/v2\/pages\/1573\/revisions\/2535"}],"wp:attachment":[{"href":"https:\/\/www.pieksamaensalibandy.com\/index.php?rest_route=%2Fwp%2Fv2%2Fmedia&parent=1573"}],"curies":[{"name":"wp","href":"https:\/\/api.w.org\/{rel}","templated":true}]}}