{"id":108,"date":"2016-12-27T12:50:15","date_gmt":"2016-12-27T10:50:15","guid":{"rendered":"http:\/\/www.pieksamaensalibandy.com\/?page_id=108"},"modified":"2020-11-10T09:10:40","modified_gmt":"2020-11-10T07:10:40","slug":"organisaatio","status":"publish","type":"page","link":"https:\/\/www.pieksamaensalibandy.com\/?page_id=108","title":{"rendered":"Organisaatio"},"content":{"rendered":"<p>Pieks\u00e4m\u00e4en salibandy ry on voittoa tavoittelematon yhdistys. Hallinnon muodostaa vuosikokouksessa valittava hallitus. Hallitukseen valitaan vuosittain 8 j\u00e4sent\u00e4. Heid\u00e4n joukostaan valitaan puheenjohtaja, varapuheenjohtaja ja sihteeri sek\u00e4 2 varaj\u00e4sent\u00e4. Puheenjohtaja toteuttaa ja seuraa hallituksen p\u00e4\u00e4t\u00f6sten toteuttamista. Varapuheenjohtaja toimii kokousten puheenjohtajana varsinaisen puheenjohtajan estyess\u00e4. Hallituksen sis\u00e4ll\u00e4 on tehty ty\u00f6njako j\u00e4senten kesken. Hallituksen yhteystiedot l\u00f6ytyv\u00e4t yhteystiedot-v\u00e4lilehdelt\u00e4.<\/p>\n<p>Seurassa toimii hallituksen ulkopuolinen rahastonhoitaja. Seuran kirjanpitoa hoitaa Miia K\u00f6ninki\/Tilitaivas. Tilintarkastajana toimii Kari Nahkuri.<\/p>\n<p>Nimenkirjoittajina toimivat puheenjohtaja ja sihteeri, molemmat yksin\u00e4\u00e4n.<\/p>\n","protected":false},"excerpt":{"rendered":"<p>Pieks\u00e4m\u00e4en salibandy ry on voittoa tavoittelematon yhdistys. Hallinnon muodostaa vuosikokouksessa valittava hallitus. Hallitukseen valitaan vuosittain 8 j\u00e4sent\u00e4. Heid\u00e4n joukostaan valitaan puheenjohtaja, varapuheenjohtaja ja sihteeri sek\u00e4 2 varaj\u00e4sent\u00e4. Puheenjohtaja toteuttaa ja seuraa hallituksen p\u00e4\u00e4t\u00f6sten toteuttamista. Varapuheenjohtaja toimii kokousten puheenjohtajana varsinaisen puheenjohtajan estyess\u00e4. Hallituksen sis\u00e4ll\u00e4 on tehty ty\u00f6njako j\u00e4senten kesken. Hallituksen yhteystiedot l\u00f6ytyv\u00e4t yhteystiedot-v\u00e4lilehdelt\u00e4. Seurassa toimii hallituksen [&hellip;]<\/p>\n","protected":false},"author":1,"featured_media":0,"parent":0,"menu_order":0,"comment_status":"closed","ping_status":"closed","template":"","meta":{"footnotes":""},"class_list":["post-108","page","type-page","status-publish","hentry"],"_links":{"self":[{"href":"https:\/\/www.pieksamaensalibandy.com\/index.php?rest_route=\/wp\/v2\/pages\/108"}],"collection":[{"href":"https:\/\/www.pieksamaensalibandy.com\/index.php?rest_route=\/wp\/v2\/pages"}],"about":[{"href":"https:\/\/www.pieksamaensalibandy.com\/index.php?rest_route=\/wp\/v2\/types\/page"}],"author":[{"embeddable":true,"href":"https:\/\/www.pieksamaensalibandy.com\/index.php?rest_route=\/wp\/v2\/users\/1"}],"replies":[{"embeddable":true,"href":"https:\/\/www.pieksamaensalibandy.com\/index.php?rest_route=%2Fwp%2Fv2%2Fcomments&post=108"}],"version-history":[{"count":9,"href":"https:\/\/www.pieksamaensalibandy.com\/index.php?rest_route=\/wp\/v2\/pages\/108\/revisions"}],"predecessor-version":[{"id":1764,"href":"https:\/\/www.pieksamaensalibandy.com\/index.php?rest_route=\/wp\/v2\/pages\/108\/revisions\/1764"}],"wp:attachment":[{"href":"https:\/\/www.pieksamaensalibandy.com\/index.php?rest_route=%2Fwp%2Fv2%2Fmedia&parent=108"}],"curies":[{"name":"wp","href":"https:\/\/api.w.org\/{rel}","templated":true}]}}